{"id":77,"date":"2023-12-14T15:34:24","date_gmt":"2023-12-14T15:34:24","guid":{"rendered":"https:\/\/sarik.vlab.fi\/omamurre\/?page_id=77"},"modified":"2023-12-15T17:42:09","modified_gmt":"2023-12-15T17:42:09","slug":"usein-kysytyt-kysymykset","status":"publish","type":"page","link":"https:\/\/sarik.vlab.fi\/omamurre\/?page_id=77","title":{"rendered":"UKK"},"content":{"rendered":"\t\t<div data-elementor-type=\"wp-page\" data-elementor-id=\"77\" class=\"elementor elementor-77\">\n\t\t\t\t<div class=\"elementor-element elementor-element-e925794 e-flex e-con-boxed e-con e-parent\" data-id=\"e925794\" data-element_type=\"container\" data-settings=\"{&quot;content_width&quot;:&quot;boxed&quot;}\" data-core-v316-plus=\"true\">\n\t\t\t\t\t<div class=\"e-con-inner\">\n\t\t\t\t<div class=\"elementor-element elementor-element-b01ee24 elementor-widget elementor-widget-image\" data-id=\"b01ee24\" data-element_type=\"widget\" data-widget_type=\"image.default\">\n\t\t\t\t<div class=\"elementor-widget-container\">\n\t\t\t<style>\/*! elementor - v3.19.0 - 29-01-2024 *\/\n.elementor-widget-image{text-align:center}.elementor-widget-image a{display:inline-block}.elementor-widget-image a img[src$=\".svg\"]{width:48px}.elementor-widget-image img{vertical-align:middle;display:inline-block}<\/style>\t\t\t\t\t\t\t\t\t\t<img fetchpriority=\"high\" decoding=\"async\" width=\"300\" height=\"200\" src=\"https:\/\/sarik.vlab.fi\/omamurre\/wp-content\/uploads\/2023\/12\/pennut-300x200.jpg\" class=\"attachment-medium size-medium wp-image-31\" alt=\"Pennut\" srcset=\"https:\/\/sarik.vlab.fi\/omamurre\/wp-content\/uploads\/2023\/12\/pennut-300x200.jpg 300w, https:\/\/sarik.vlab.fi\/omamurre\/wp-content\/uploads\/2023\/12\/pennut-1024x683.jpg 1024w, https:\/\/sarik.vlab.fi\/omamurre\/wp-content\/uploads\/2023\/12\/pennut-768x512.jpg 768w, https:\/\/sarik.vlab.fi\/omamurre\/wp-content\/uploads\/2023\/12\/pennut-1536x1024.jpg 1536w, https:\/\/sarik.vlab.fi\/omamurre\/wp-content\/uploads\/2023\/12\/pennut-2048x1366.jpg 2048w\" sizes=\"(max-width: 300px) 100vw, 300px\" \/>\t\t\t\t\t\t\t\t\t\t\t\t\t<\/div>\n\t\t\t\t<\/div>\n\t\t\t\t\t<\/div>\n\t\t\t\t<\/div>\n\t\t<div class=\"elementor-element elementor-element-68c5db53 e-flex e-con-boxed e-con e-parent\" data-id=\"68c5db53\" data-element_type=\"container\" data-settings=\"{&quot;content_width&quot;:&quot;boxed&quot;}\" data-core-v316-plus=\"true\">\n\t\t\t\t\t<div class=\"e-con-inner\">\n\t\t\t\t<div class=\"elementor-element elementor-element-2fb1b52c elementor-widget elementor-widget-text-editor\" data-id=\"2fb1b52c\" data-element_type=\"widget\" data-widget_type=\"text-editor.default\">\n\t\t\t\t<div class=\"elementor-widget-container\">\n\t\t\t<style>\/*! elementor - v3.19.0 - 29-01-2024 *\/\n.elementor-widget-text-editor.elementor-drop-cap-view-stacked .elementor-drop-cap{background-color:#69727d;color:#fff}.elementor-widget-text-editor.elementor-drop-cap-view-framed .elementor-drop-cap{color:#69727d;border:3px solid;background-color:transparent}.elementor-widget-text-editor:not(.elementor-drop-cap-view-default) .elementor-drop-cap{margin-top:8px}.elementor-widget-text-editor:not(.elementor-drop-cap-view-default) .elementor-drop-cap-letter{width:1em;height:1em}.elementor-widget-text-editor .elementor-drop-cap{float:left;text-align:center;line-height:1;font-size:50px}.elementor-widget-text-editor .elementor-drop-cap-letter{display:inline-block}<\/style>\t\t\t\t<!-- wp:heading {\"level\":3} -->\n<h3 class=\"wp-block-heading\">ONKO TOIMITILAT ESTEETT\u00d6MI\u00c4?<\/h3>\n<!-- \/wp:heading -->\n\n<!-- wp:paragraph -->\n<p>Molempiin toimitiloihin p\u00e4\u00e4see katutasosta, mutta eteisaukot\/ovet ovat ahtaita. Nuolemon toimipisteen WC-\/vesipiste on yl\u00e4kerrassa, johon johtaa portaikko. T\u00e4st\u00e4kin syyst\u00e4 on hyv\u00e4 olla oma vesipullo mukana, jotta saa koiralle helposti ja nopeasti tarjottua vett\u00e4 tunnin aikana.<\/p>\n<!-- \/wp:paragraph -->\n\n<!-- wp:heading {\"level\":3} -->\n<h3 class=\"wp-block-heading\">HALUAISIN K\u00c4YTT\u00c4\u00c4 SMARTUM- TMS ETUSETELEIT\u00c4, MIHIN NE K\u00c4YV\u00c4T JA MITEN TOIMIN?<\/h3>\n<!-- \/wp:heading -->\n\n<!-- wp:paragraph -->\n<p>Verottaja hyv\u00e4ksyy liikuntaedun koirakoulutusalalla vain Agilityyn sek\u00e4 Doboon, joista meill\u00e4 on valikoimassa j\u00e4lkimm\u00e4ist\u00e4. Jos siis haluat hy\u00f6dynt\u00e4\u00e4 seteleit\u00e4 Murren Dobo-kurssiin, ota yhteytt\u00e4 yhteydenottolomakkeella.<\/p>\n<!-- \/wp:paragraph -->\n\n<!-- wp:heading {\"level\":3} -->\n<h3 class=\"wp-block-heading\">LAITOIN VIESTI\u00c4, MUTTA EN OLE VIEL\u00c4 SAANUT VASTAUSTA. MIT\u00c4 TEEN?<\/h3>\n<!-- \/wp:heading -->\n\n<!-- wp:paragraph -->\n<p>Vastaamme aina mahdollisimman nopeasti s\u00e4hk\u00f6posteihin, mutta kiireest\u00e4 johtuen joskus saattaa joku viesti menn\u00e4 meilt\u00e4 ohi. Jos vastausta ei kuulu muutamassa p\u00e4iv\u00e4ss\u00e4, tarkista my\u00f6s roska- sek\u00e4 muut mahdollliset s\u00e4hk\u00f6postikansiosi. Jos vastausta ei l\u00f6ydy niist\u00e4k\u00e4\u00e4n, toivomme, ett\u00e4 laitat uuden viestin!<\/p>\n<!-- \/wp:paragraph -->\n\n<!-- wp:heading {\"level\":3} -->\n<h3 class=\"wp-block-heading\">VOIKO PENTULEIKKIKOULUUN TAI PENTUKURSSILLE OSALLISTUA, VAIKKA PENNULLA EI OLE VIEL\u00c4 ROKOTUKSIA?<\/h3>\n<!-- \/wp:heading -->\n\n<!-- wp:paragraph -->\n<p>Murren koirakouluun ilman voimassa olevia rokotuksia voivat tulla vain alle rokotusik\u00e4iset pennut. Kaikkien rokotusik\u00e4isten koirien tulee olla rokotettu Suomen Kennelliiton m\u00e4\u00e4r\u00e4ysten mukaisesti. Asianmukaisesti rokotetut em\u00e4t antavat vasta-ainesuojan pennuilleen, jolloin kaikki leikkikouluun osallistuvat pennut ovat samassa asemassa. Pennut harjoittelevat kommunikointitaitoja pentuesisarustensa kanssa syntym\u00e4st\u00e4\u00e4n l\u00e4htien, ja sosiaalistamisen kannalta on t\u00e4rke\u00e4\u00e4, ett\u00e4 n\u00e4iden taitojen harjoittelu jatkuu mahdollisimman pian luovutuksen j\u00e4lkeen &#8211; n\u00e4in n\u00e4m\u00e4 taidot pysyv\u00e4t yll\u00e4.<\/p>\n<!-- \/wp:paragraph -->\n\n<!-- wp:heading {\"level\":3} -->\n<h3 class=\"wp-block-heading\">VOINKO ILMOITTAUTUA, VAIKKA EN P\u00c4\u00c4SE PER\u00c4KK\u00c4ISILLE PENTULEIKKIKOULUN TUNNEILLE?<\/h3>\n<!-- \/wp:heading -->\n\n<!-- wp:paragraph -->\n<p>Leikkikoulun kerrat voi k\u00e4ytt\u00e4\u00e4, vaikka j\u00e4isi yksi viikko v\u00e4list\u00e4. Huomioitavaa kuitenkin on, ett\u00e4 pennut kehittyv\u00e4t ja kasvavat jo viikossa valtavasti. Siksi joskus taukoviikon, tai ylip\u00e4\u00e4t\u00e4\u00e4n kurssin aikana, pennusta voi kasvaa liian raju leikkij\u00e4, ja se voidaan tapauskohtaisesti siirt\u00e4\u00e4 Pentukurssille harjoittelemaan jo muita taitoja.<\/p>\n<!-- \/wp:paragraph -->\n\n<!-- wp:heading {\"level\":3} -->\n<h3 class=\"wp-block-heading\">VOIKO MURREN KURSSILLE TULLA MUKAAN KOIRANOHJAAJAN LIS\u00c4KSI MUITA HENKIL\u00d6IT\u00c4?<\/h3>\n<!-- \/wp:heading -->\n\n<!-- wp:paragraph -->\n<p>Murren kursseille kaikki perheenj\u00e4senet ovat aina tervetulleita mukaan seuraamaan ja oppimaan (huom Covid-tilanne!). Koiralle voi olla haastavaa keskitty\u00e4 ja oppia ryhm\u00e4ss\u00e4, joten koiran kannalta on paras ja selkein toimia siten, ett\u00e4 yhden tunnin aikana koiralla on vain yksi ohjaaja. Muut perheenj\u00e4senet voivat seurata kurssin harjoituksia sivusta ja harjoitella tunnilla tehtyj\u00e4 teht\u00e4vi\u00e4 kotona.<\/p>\n<!-- \/wp:paragraph -->\n\n<!-- wp:heading {\"level\":3} -->\n<h3 class=\"wp-block-heading\">MITEN ILMOITTAUDUN VAKIRYHM\u00c4\u00c4N?<\/h3>\n<!-- \/wp:heading -->\n\n<!-- wp:paragraph -->\n<p>Vakiryhmiin ilmoittaudutaan verkkokaupan kautta, tai yhteydenottolomakkeella. Vaikka ilmoittautuisit verkkokaupan kautta, maksua ei suoriteta ennen kuin teille on l\u00f6ytynyt sopiva paikka. Eli lomakkeen t\u00e4ytt\u00e4misen j\u00e4lkeen otamme teihin yhteytt\u00e4, jonka j\u00e4lkeen tarkastamme onko ryhmiss\u00e4 tilaa, ja sovimme sinulle ja koirallesi sopivan ajan koulutukseen.<br>Ilmoittautuessa muista ilmoittaa verkkokaupan Lis\u00e4tiedot-kent\u00e4ss\u00e4 tai yhteydenottolomakkeen viestikent\u00e4ss\u00e4 ne ajat, jotka ovat teille huonoja. Meill\u00e4 py\u00f6rii useammasta lajista aamu- ja iltap\u00e4ivisin ryhmi\u00e4 jokaisena arkip\u00e4iv\u00e4n\u00e4, osasta my\u00f6s viikonloppuisin.<\/p>\n<!-- \/wp:paragraph -->\n\n<!-- wp:heading {\"level\":3} -->\n<h3 class=\"wp-block-heading\">MITEN ILMOITTAUDUN YKSITYISTUNNILLE?<\/h3>\n<!-- \/wp:heading -->\n\n<!-- wp:paragraph -->\n<p>Kotik\u00e4ynteihin ja yksityiskoulutuksiin ilmoittaudutaan verkkokaupan kautta, tai yhteydenottolomakkeella. Vaikka ilmoittautuisit verkkokaupan kautta, maksua ei suoriteta ennen kuin teille on l\u00f6ytynyt sopiva aika. Eli lomakkeen t\u00e4ytt\u00e4misen j\u00e4lkeen otamme teihin yhteytt\u00e4, jolloin sovimme juuri sinulle ja koirallesi sopivan ajankohdan koulutukseen!<\/p>\n<!-- \/wp:paragraph -->\n\n<!-- wp:heading {\"level\":3} -->\n<h3 class=\"wp-block-heading\">VOINKO OSALLISTUA JUOKSUISEN NARTUN KANSSA KURSSILLE?<\/h3>\n<!-- \/wp:heading -->\n\n<!-- wp:paragraph -->\n<p>Ik\u00e4v\u00e4 kyll\u00e4 juoksuisen nartun kanssa ei voi osallistua kurssille. Tarjoamme kuitenkin korvauskerran juoksuajasta johtuvista poissaoloista.<\/p>\n<!-- \/wp:paragraph -->\n\n<!-- wp:heading {\"level\":3} -->\n<h3 class=\"wp-block-heading\">JOS HALLIIN SYNTYY PISSAVAHINKO, ONKO SAKKOMAKSUA?<\/h3>\n<!-- \/wp:heading -->\n\n<!-- wp:paragraph -->\n<p>Uloste- ym. eritevahingot tulee siivota huolellisesti ohjeiden mukaisesti. Hallivuokralaisten tulee my\u00f6s siivouksen lis\u00e4ksi ilmoittaa vahingoista. Murrella ei ole k\u00e4yt\u00f6ss\u00e4 pissasakkomaksua, koska emme halua k\u00e4ytt\u00e4\u00e4 rankaisuperusteisia menetelmi\u00e4 ihmisillek\u00e4\u00e4n. Sen sijaan edellyt\u00e4mme, ett\u00e4 k\u00e4yt\u00e4t urossuojaa, jos uroksellasi on taipuvaisuutta sis\u00e4tiloissa merkkailuun.<\/p>\n<!-- \/wp:paragraph -->\n\n<!-- wp:heading {\"level\":3} -->\n<h3 class=\"wp-block-heading\">MIT\u00c4 MINUN TULEE HUOMIOIDA KURSSILLE TULLESSANI, JA MIT\u00c4 PIT\u00c4\u00c4 OTTAA MUKAAN?<\/h3>\n<!-- \/wp:heading -->\n\n<!-- wp:paragraph -->\n<p>Kurssikirjeess\u00e4 saat kaikki tarvittavat ohjeet siit\u00e4, mit\u00e4 sinun tulee huomioida ja mit\u00e4 ottaa kurssille mukaan. T\u00e4rke\u00e4\u00e4 on, ett\u00e4 koira on ulkoilutettu ja k\u00e4ytetty tarpeillaan ennen kurssille saapumista. Otathan my\u00f6s mukaasi sellaisia palkkioita (makupalat, lelut), joita koira arvostaa, sek\u00e4 vesikupin ja oman taukomaton (viltti\/pyyhe\/matto).<\/p>\n<!-- \/wp:paragraph -->\n\n<!-- wp:heading {\"level\":3} -->\n<h3 class=\"wp-block-heading\">MINK\u00c4LAISILLA V\u00c4LINEILL\u00c4 VOIN TULLA KURSSILLE?<\/h3>\n<!-- \/wp:heading -->\n\n<!-- wp:paragraph -->\n<p>Murren kursseille ei voi osallistua kuristavilla kaulaimilla, sill\u00e4 noudatamme Suomen el\u00e4intenkouluttajien eettisi\u00e4 s\u00e4\u00e4nt\u00f6j\u00e4, jotka m\u00e4\u00e4rittelev\u00e4t, ett\u00e4 v\u00e4lineet eiv\u00e4t saa aiheuttaa el\u00e4imelle ep\u00e4mukavuutta. Mukavia v\u00e4lineit\u00e4 ovat hyvin istuvat valjaat, sek\u00e4 pehme\u00e4t ja\/tai leve\u00e4t kaulapannat. Pentuleikkikoulussa taukoja sujuvoittaa helposti puettava\/riisuttava panta tai valjaat. Ryhm\u00e4tilanteessa ei my\u00f6sk\u00e4\u00e4n voi olla kelatalutinta (flexi), vaan normaali talutin.<\/p>\n<!-- \/wp:paragraph -->\n\n<!-- wp:heading {\"level\":3} -->\n<h3 class=\"wp-block-heading\">VOINKO TULLA KURSSILLE, JOS KOIRANI ON LIEV\u00c4STI SAIRASTUNUT?<\/h3>\n<!-- \/wp:heading -->\n\n<!-- wp:paragraph -->\n<p>Hallilla k\u00e4y p\u00e4ivitt\u00e4in kymmeni\u00e4 koiria, joten on ehdottoman t\u00e4rke\u00e4\u00e4 j\u00e4tt\u00e4\u00e4 mahdollisesta tarttuvasta sairaudesta oireileva koira kotiin! Emme my\u00f6sk\u00e4\u00e4n halua, ett\u00e4 liev\u00e4stik\u00e4\u00e4n oireilevaa koiraa treenataan, vaan sen tulee saada lev\u00e4t\u00e4 ja toipua rauhassa kotona. Jos olet ep\u00e4varma koirasi terveydentilasta, ole yhteydess\u00e4 omaan el\u00e4inl\u00e4\u00e4k\u00e4riisi.<\/p>\n<!-- \/wp:paragraph -->\n\n<!-- wp:heading {\"level\":3} -->\n<h3 class=\"wp-block-heading\">KENELLE ILMOITAN, JOS EN P\u00c4\u00c4SE JOLLEKIN KURSSIKERRALLE?<\/h3>\n<!-- \/wp:heading -->\n\n<!-- wp:paragraph -->\n<p>Voit ilmoittaa poissaolostasi joko yhteydenottolomakkeen kautta tai kurssikirjeen lopusta l\u00f6ytyviin yhteystietoihin. Kurssin alussa ohjaajat antavat omat yhteystietonsa, johon voitte ilmoittaa tekstiviestitse \u00e4killiset poissaolot. Ilmoita aina poissaolostasi mahdollisimman varhaisessa vaiheessa, jotta voimme tarjota korvaavaa paikkaa jollekin toiselle sit\u00e4 tarvitsevalle.<\/p>\n<!-- \/wp:paragraph -->\n\n<!-- wp:heading {\"level\":3} -->\n<h3 class=\"wp-block-heading\">VOINKO KORVATA POISSAOLONI, JOS MINULTA J\u00c4\u00c4 KURSSIKERTA V\u00c4LIST\u00c4?<\/h3>\n<!-- \/wp:heading -->\n\n<!-- wp:paragraph -->\n<p>Emme hyvit\u00e4 poissaoloja asiakkaan omista syist\u00e4 johtuen, muuten kuin etuk\u00e4teen sovituissa poikkeustapauksissa. Sairastapauksissa ja juoksuaikatilanteissa tarjoamme kuitenkin korvauskerran toisessa ryhm\u00e4ss\u00e4, jossa on tilaa ja johon koirasi muutoin soveltuu.<\/p>\n<!-- \/wp:paragraph -->\n\n<!-- wp:heading {\"level\":3} -->\n<h3 class=\"wp-block-heading\">MIK\u00c4 KURSSI KOIRALLENI SOPISI PARHAITEN?<\/h3>\n<!-- \/wp:heading -->\n\n<!-- wp:paragraph -->\n<p>Jos et tied\u00e4 mille kurssille ilmoittautuisit, ota yhteytt\u00e4 lomakkeella, niin valitaan yhdess\u00e4 teille sopivin kurssi! Jos ette ole aiemmin osallistuneet ryhm\u00e4koulutustilanteisiin, Perustaitokurssi on hyv\u00e4 kurssi, josta aloittaa.<\/p>\n<!-- \/wp:paragraph -->\n\n<!-- wp:heading {\"level\":3} -->\n<h3 class=\"wp-block-heading\">VOINKO ILMOITTAUTUA KURSSILLE YHTEYDENOTTOLOMAKKEEN KAUTTA?<\/h3>\n<!-- \/wp:heading -->\n\n<!-- wp:paragraph -->\n<p>Kursseille ilmoittaudutaan t\u00e4ytt\u00e4m\u00e4ll\u00e4 lomake ja maksamalla verkkokaupan kautta kurssimaksu. Vakiryhmiin ja yksityistunneille ilmoittaudutaan t\u00e4ytt\u00e4m\u00e4ll\u00e4 tilauslomake, jonka j\u00e4lkeen otamme yhteytt\u00e4 annettuun s\u00e4hk\u00f6postiosoitteeseen sopiaksemme teille sopivasta ryhm\u00e4st\u00e4.<br>Yhteydenottolomakkeen kautta voit toki kysy\u00e4 mink\u00e4 tahansa kurssin sopivuudesta juuri teille, mutta etenkin kurssi-ilmoittautumiset toivomme hoidettavan verkkokaupan kautta.<br>Vastaamme aina mahdollisimman nopeasti s\u00e4hk\u00f6posteihin, eli tarkista roskapostikansiosi s\u00e4\u00e4nn\u00f6llisesti, jos odotat meilt\u00e4 vastausta! Jos emme ole viel\u00e4 vastanneet, se tarkoittaa sit\u00e4, ettemme ole ehtineet ja vastauksesi tulee mahdollisimman nopeasti.<\/p>\n<!-- \/wp:paragraph -->\n\n<!-- wp:heading {\"level\":3} -->\n<h3 class=\"wp-block-heading\">OSTIN KURSSIN, NYT SIT\u00c4 EI OLE EN\u00c4\u00c4 KURSSILISTAUKSESSA<\/h3>\n<!-- \/wp:heading -->\n\n<!-- wp:paragraph -->\n<p>Kurssit, jotka ovat t\u00e4ynn\u00e4 tai, joita ei t\u00e4ll\u00e4 hetkell\u00e4 ole valikoimassa, poistuvat tuoten\u00e4kym\u00e4st\u00e4. Merkkaathan siis itsellesi yl\u00f6s valisemasi kurssin aloitusajankohdan.<\/p>\n<!-- \/wp:paragraph -->\n\n<!-- wp:heading {\"level\":3} -->\n<h3 class=\"wp-block-heading\">VALITSIN KAKSI ERI KURSSIA, MUTTA VAIN J\u00c4LKIMM\u00c4INEN N\u00c4KYY OSTOSKORISSA<\/h3>\n<!-- \/wp:heading -->\n\n<!-- wp:paragraph -->\n<p>Voit valita vain yhden kurssin kerrallaan ostoskoriin. Siksi j\u00e4lkimm\u00e4iseksi valittu kurssi n\u00e4kyy ostoskorissa.<\/p>\n<!-- \/wp:paragraph -->\n\n<!-- wp:heading {\"level\":3} -->\n<h3 class=\"wp-block-heading\">VALITSEMANI KURSSIN ILMOITTAUTUMISPAINIKE N\u00c4KYY &#8220;VALITTUNA&#8221; ENK\u00c4 SAA KLIKATTUA T\u00c4T\u00c4 NAPPULAA<\/h3>\n<!-- \/wp:heading -->\n\n<!-- wp:paragraph -->\n<p>.Miten p\u00e4\u00e4sen jatkamaan maksutapahtumaan?<br>Sivun oikeassa yl\u00e4kulmassa n\u00e4kyy pieni ostoskori. Klikkaamalla t\u00e4t\u00e4 p\u00e4\u00e4set jatkamaan valitsemasi kurssin maksutapahtumaan.<br>Jatkoin maksutapahtumaan, mutta jouduin peruuttamaan sen ja suljin sivun. Yritt\u00e4ess\u00e4ni uudestaan kurssi n\u00e4kyy valittuna, mutta en p\u00e4\u00e4se siit\u00e4 en\u00e4\u00e4 maksamaan kurssia?<br>Vaikka olisit sulkenut sivun v\u00e4liss\u00e4, kurssi pysyy sinull valittuna ostoskorissa. Ostoskorin l\u00f6yd\u00e4t sivun oikeassa yl\u00e4kulmassa. T\u00e4t\u00e4 klikkaamalla p\u00e4\u00e4set jatkamaan maksutapahtumaan normaaliin tapaan. Jos t\u00e4m\u00e4 ei toimi, odota hetki, ja kokeile sitten uudestaan. Voit my\u00f6s yritt\u00e4\u00e4 uudestaan eri selaimella.<\/p>\n<!-- \/wp:paragraph -->\n\n<!-- wp:heading {\"level\":3} -->\n<h3 class=\"wp-block-heading\">VERKKOKAUPPA EI TOIMI, MIT\u00c4 TEEN?<\/h3>\n<!-- \/wp:heading -->\n\n<!-- wp:paragraph -->\n<p>Verkkokauppa tukee vain uusimpia selaimia, jolloin voit kokeilla eri selainta verkkokaupassa asiointiin. Jos t\u00e4m\u00e4 ei toimi, ota yhteytt\u00e4 yhteydenottolomakkeen kautta.<\/p>\n<!-- \/wp:paragraph -->\n\n<!-- wp:heading {\"level\":3} -->\n<h3 class=\"wp-block-heading\">EN SAANUT KURSSIKIRJETT\u00c4 KURSSIN OSTON J\u00c4LKEEN, MIT\u00c4 TEEN?<\/h3>\n<!-- \/wp:heading -->\n\n<!-- wp:paragraph -->\n<p>Tarkistathan t\u00e4ss\u00e4 tapauksessa s\u00e4hk\u00f6postisi roskaposti-kansion. Kaikista tekemist\u00e4mme toimista huolimatta s\u00e4hk\u00f6postimme menev\u00e4t toisinaan asiakkaan roskaposti-kansioon.<br>Vastaamme aina mahdollisimman nopeasti s\u00e4hk\u00f6posteihin, eli tarkista roskapostikansiosi s\u00e4\u00e4nn\u00f6llisesti, jos odotat meilt\u00e4 vastausta! Jos emme ole viel\u00e4 vastanneet, se tarkoittaa sit\u00e4, ettemme ole ehtineet ja vastauksesi tulee mahdollisimman nopeasti.<\/p>\n<!-- \/wp:paragraph -->\t\t\t\t\t\t<\/div>\n\t\t\t\t<\/div>\n\t\t\t\t\t<\/div>\n\t\t\t\t<\/div>\n\t\t\t\t<\/div>\n\t\t","protected":false},"excerpt":{"rendered":"<p>ONKO TOIMITILAT ESTEETT\u00d6MI\u00c4? Molempiin toimitiloihin p\u00e4\u00e4see katutasosta, mutta eteisaukot\/ovet ovat ahtaita. Nuolemon toimipisteen WC-\/vesipiste on yl\u00e4kerrassa, johon johtaa portaikko. T\u00e4st\u00e4kin syyst\u00e4 on hyv\u00e4 olla oma vesipullo mukana, jotta saa koiralle helposti ja nopeasti tarjottua vett\u00e4 tunnin aikana. HALUAISIN K\u00c4YTT\u00c4\u00c4 SMARTUM- TMS ETUSETELEIT\u00c4, MIHIN NE K\u00c4YV\u00c4T JA MITEN TOIMIN? Verottaja hyv\u00e4ksyy liikuntaedun koirakoulutusalalla vain Agilityyn sek\u00e4 [&hellip;]<\/p>\n","protected":false},"author":1,"featured_media":0,"parent":0,"menu_order":0,"comment_status":"closed","ping_status":"closed","template":"","meta":{"footnotes":""},"class_list":["post-77","page","type-page","status-publish","hentry"],"_links":{"self":[{"href":"https:\/\/sarik.vlab.fi\/omamurre\/index.php?rest_route=\/wp\/v2\/pages\/77","targetHints":{"allow":["GET"]}}],"collection":[{"href":"https:\/\/sarik.vlab.fi\/omamurre\/index.php?rest_route=\/wp\/v2\/pages"}],"about":[{"href":"https:\/\/sarik.vlab.fi\/omamurre\/index.php?rest_route=\/wp\/v2\/types\/page"}],"author":[{"embeddable":true,"href":"https:\/\/sarik.vlab.fi\/omamurre\/index.php?rest_route=\/wp\/v2\/users\/1"}],"replies":[{"embeddable":true,"href":"https:\/\/sarik.vlab.fi\/omamurre\/index.php?rest_route=%2Fwp%2Fv2%2Fcomments&post=77"}],"version-history":[{"count":14,"href":"https:\/\/sarik.vlab.fi\/omamurre\/index.php?rest_route=\/wp\/v2\/pages\/77\/revisions"}],"predecessor-version":[{"id":270,"href":"https:\/\/sarik.vlab.fi\/omamurre\/index.php?rest_route=\/wp\/v2\/pages\/77\/revisions\/270"}],"wp:attachment":[{"href":"https:\/\/sarik.vlab.fi\/omamurre\/index.php?rest_route=%2Fwp%2Fv2%2Fmedia&parent=77"}],"curies":[{"name":"wp","href":"https:\/\/api.w.org\/{rel}","templated":true}]}}