{"id":321,"date":"2023-12-18T09:33:38","date_gmt":"2023-12-18T09:33:38","guid":{"rendered":"https:\/\/sarik.vlab.fi\/omamurre\/?page_id=321"},"modified":"2023-12-18T09:33:52","modified_gmt":"2023-12-18T09:33:52","slug":"krista-akkanen","status":"publish","type":"page","link":"https:\/\/sarik.vlab.fi\/omamurre\/?page_id=321","title":{"rendered":"Krista Akkanen"},"content":{"rendered":"\n<p>Olen Krista Akkanen, el\u00e4intenkouluttajan ammattitutkinnon suorittanut koulutusohjaaja. Korona-aikaan on ollut aikaa syventy\u00e4 lis\u00e4\u00e4 erilaisiin koiramaailman asioihin, ja 2021 suoritin Vainuvoiman ja Scentren j\u00e4rjest\u00e4m\u00e4n hajuty\u00f6ohjaajakouluttajakurssin valmistuen hajuty\u00f6ohjaajaksi. Lis\u00e4ksi suoritin Jenny Jalosen yksinolokouluttajakurssin ollen nyt Digital Dogsitterin kouluttajalistalla. Oma vahvuuteni kouluttajana on aikuisten koirien sosiaalistamisessa, ja arjen hallintaan ja hyvinvointiin liittyviss\u00e4 asioissa. Koulutuksessa minulle on t\u00e4rkeint\u00e4 arjen sujuvuus sek\u00e4 koiran ja omistajan v\u00e4linen suhde. Pentui\u00e4n sosiaalistaminen on eritt\u00e4in t\u00e4rke\u00e4\u00e4, mutta peli ei ole menetetty, vaikka sosiaalistaminen aloitettaisiin my\u00f6hemm\u00e4ll\u00e4kin i\u00e4ll\u00e4.<br>Erikoisosaamisalaani on rescuekoirien kanssa ty\u00f6skentely. Py\u00f6rit\u00e4n omaa\u00a0<a href=\"https:\/\/www.facebook.com\/secondchancerescuery\/?eid=ARBro1v7UAngfrWxnVEqUM3Z3tZNtsDXwAr0sHuCU0EruBx7UK8Nh6kBWoh3CIoIZ_uN1oaSbF4AYGpk&amp;fref=tag\" target=\"_blank\" rel=\"noreferrer noopener\">Second Chance Rescue<\/a>\u2013 yhdistyst\u00e4, joka tuo Espanjasta koiria Suomeen. Olen ty\u00f6skennellyt vuosia rescuetarhalla Espanjassa ja kotoa l\u00f6ytyykin viisi rescuekoiraa ja rescuekani. Koko el\u00e4m\u00e4 py\u00f6rii tavalla tai toisella el\u00e4imien ymp\u00e4rill\u00e4, mutta heti niiden j\u00e4lkeen seuraavina ovat matkailu, kes\u00e4 ja aurinko ; )<br>Parasta perustaito- ja sosiaalistamiskurssien vet\u00e4misess\u00e4 on n\u00e4hd\u00e4 omistajan ja koiran yhteisty\u00f6n kehittymist\u00e4, l\u00f6yt\u00e4\u00e4 helpotusta arjen haasteisiin ja my\u00f6t\u00e4el\u00e4\u00e4 onnistumisen kokemuksia. Toivottavasti yh\u00e4 useammat l\u00f6yt\u00e4v\u00e4t tiens\u00e4 Murren kursseille \u2013 vaikka ongelmia arjessa ei olisikaan, perustaitojen ja positiivisten kokemusten t\u00e4rkeytt\u00e4 ei sovi koskaan unohtaa.<\/p>\n","protected":false},"excerpt":{"rendered":"<p>Olen Krista Akkanen, el\u00e4intenkouluttajan ammattitutkinnon suorittanut koulutusohjaaja. Korona-aikaan on ollut aikaa syventy\u00e4 lis\u00e4\u00e4 erilaisiin koiramaailman asioihin, ja 2021 suoritin Vainuvoiman ja Scentren j\u00e4rjest\u00e4m\u00e4n hajuty\u00f6ohjaajakouluttajakurssin valmistuen hajuty\u00f6ohjaajaksi. Lis\u00e4ksi suoritin Jenny Jalosen yksinolokouluttajakurssin ollen nyt Digital Dogsitterin kouluttajalistalla. Oma vahvuuteni kouluttajana on aikuisten koirien sosiaalistamisessa, ja arjen hallintaan ja hyvinvointiin liittyviss\u00e4 asioissa. Koulutuksessa minulle on t\u00e4rkeint\u00e4 arjen [&hellip;]<\/p>\n","protected":false},"author":1,"featured_media":0,"parent":110,"menu_order":2,"comment_status":"closed","ping_status":"closed","template":"","meta":{"footnotes":""},"class_list":["post-321","page","type-page","status-publish","hentry"],"_links":{"self":[{"href":"https:\/\/sarik.vlab.fi\/omamurre\/index.php?rest_route=\/wp\/v2\/pages\/321","targetHints":{"allow":["GET"]}}],"collection":[{"href":"https:\/\/sarik.vlab.fi\/omamurre\/index.php?rest_route=\/wp\/v2\/pages"}],"about":[{"href":"https:\/\/sarik.vlab.fi\/omamurre\/index.php?rest_route=\/wp\/v2\/types\/page"}],"author":[{"embeddable":true,"href":"https:\/\/sarik.vlab.fi\/omamurre\/index.php?rest_route=\/wp\/v2\/users\/1"}],"replies":[{"embeddable":true,"href":"https:\/\/sarik.vlab.fi\/omamurre\/index.php?rest_route=%2Fwp%2Fv2%2Fcomments&post=321"}],"version-history":[{"count":1,"href":"https:\/\/sarik.vlab.fi\/omamurre\/index.php?rest_route=\/wp\/v2\/pages\/321\/revisions"}],"predecessor-version":[{"id":323,"href":"https:\/\/sarik.vlab.fi\/omamurre\/index.php?rest_route=\/wp\/v2\/pages\/321\/revisions\/323"}],"up":[{"embeddable":true,"href":"https:\/\/sarik.vlab.fi\/omamurre\/index.php?rest_route=\/wp\/v2\/pages\/110"}],"wp:attachment":[{"href":"https:\/\/sarik.vlab.fi\/omamurre\/index.php?rest_route=%2Fwp%2Fv2%2Fmedia&parent=321"}],"curies":[{"name":"wp","href":"https:\/\/api.w.org\/{rel}","templated":true}]}}