{"id":281,"date":"2023-12-15T17:55:22","date_gmt":"2023-12-15T17:55:22","guid":{"rendered":"https:\/\/sarik.vlab.fi\/omamurre\/?page_id=281"},"modified":"2023-12-18T08:48:14","modified_gmt":"2023-12-18T08:48:14","slug":"katja-silander","status":"publish","type":"page","link":"https:\/\/sarik.vlab.fi\/omamurre\/?page_id=281","title":{"rendered":"Katja Silander"},"content":{"rendered":"\t\t<div data-elementor-type=\"wp-page\" data-elementor-id=\"281\" class=\"elementor elementor-281\">\n\t\t\t\t<div class=\"elementor-element elementor-element-03305a2 e-flex e-con-boxed e-con e-parent\" data-id=\"03305a2\" data-element_type=\"container\" data-settings=\"{&quot;content_width&quot;:&quot;boxed&quot;}\" data-core-v316-plus=\"true\">\n\t\t\t\t\t<div class=\"e-con-inner\">\n\t\t<div class=\"elementor-element elementor-element-1ed18f5 e-flex e-con-boxed e-con e-child\" data-id=\"1ed18f5\" data-element_type=\"container\" data-settings=\"{&quot;content_width&quot;:&quot;boxed&quot;}\">\n\t\t\t\t\t<div class=\"e-con-inner\">\n\t\t\t\t<div class=\"elementor-element elementor-element-be9ae49 elementor-widget elementor-widget-image\" data-id=\"be9ae49\" data-element_type=\"widget\" data-widget_type=\"image.default\">\n\t\t\t\t<div class=\"elementor-widget-container\">\n\t\t\t<style>\/*! elementor - v3.19.0 - 29-01-2024 *\/\n.elementor-widget-image{text-align:center}.elementor-widget-image a{display:inline-block}.elementor-widget-image a img[src$=\".svg\"]{width:48px}.elementor-widget-image img{vertical-align:middle;display:inline-block}<\/style>\t\t\t\t\t\t\t\t\t\t<img fetchpriority=\"high\" decoding=\"async\" width=\"800\" height=\"534\" src=\"https:\/\/sarik.vlab.fi\/omamurre\/wp-content\/uploads\/2023\/12\/omamurre_-1024x683.jpg\" class=\"attachment-large size-large wp-image-29\" alt=\"Omamurre Katja Silander\" srcset=\"https:\/\/sarik.vlab.fi\/omamurre\/wp-content\/uploads\/2023\/12\/omamurre_-1024x683.jpg 1024w, https:\/\/sarik.vlab.fi\/omamurre\/wp-content\/uploads\/2023\/12\/omamurre_-300x200.jpg 300w, https:\/\/sarik.vlab.fi\/omamurre\/wp-content\/uploads\/2023\/12\/omamurre_-768x512.jpg 768w, https:\/\/sarik.vlab.fi\/omamurre\/wp-content\/uploads\/2023\/12\/omamurre_.jpg 1151w\" sizes=\"(max-width: 800px) 100vw, 800px\" \/>\t\t\t\t\t\t\t\t\t\t\t\t\t<\/div>\n\t\t\t\t<\/div>\n\t\t\t\t\t<\/div>\n\t\t\t\t<\/div>\n\t\t\t\t\t<\/div>\n\t\t\t\t<\/div>\n\t\t<div class=\"elementor-element elementor-element-33efd16 e-flex e-con-boxed e-con e-parent\" data-id=\"33efd16\" data-element_type=\"container\" data-settings=\"{&quot;content_width&quot;:&quot;boxed&quot;}\" data-core-v316-plus=\"true\">\n\t\t\t\t\t<div class=\"e-con-inner\">\n\t\t\t\t<div class=\"elementor-element elementor-element-381e1d2 elementor-widget elementor-widget-text-editor\" data-id=\"381e1d2\" data-element_type=\"widget\" data-widget_type=\"text-editor.default\">\n\t\t\t\t<div class=\"elementor-widget-container\">\n\t\t\t<style>\/*! elementor - v3.19.0 - 29-01-2024 *\/\n.elementor-widget-text-editor.elementor-drop-cap-view-stacked .elementor-drop-cap{background-color:#69727d;color:#fff}.elementor-widget-text-editor.elementor-drop-cap-view-framed .elementor-drop-cap{color:#69727d;border:3px solid;background-color:transparent}.elementor-widget-text-editor:not(.elementor-drop-cap-view-default) .elementor-drop-cap{margin-top:8px}.elementor-widget-text-editor:not(.elementor-drop-cap-view-default) .elementor-drop-cap-letter{width:1em;height:1em}.elementor-widget-text-editor .elementor-drop-cap{float:left;text-align:center;line-height:1;font-size:50px}.elementor-widget-text-editor .elementor-drop-cap-letter{display:inline-block}<\/style>\t\t\t\t<p><!-- wp:paragraph --><\/p>\n<p>Olen Katja Silander, Turun Murren perustaja ja yritt\u00e4j\u00e4, el\u00e4intenkouluttaja (EAT., AT.), sek\u00e4 FM. Kev\u00e4\u00e4ll\u00e4 2021 valmistuin Suomen ensimm\u00e4ist\u00e4 el\u00e4intenkouluttajan erikoisammattitutkintoa opiskelevien ryhm\u00e4st\u00e4. Olen my\u00f6s suorittanut kansainv\u00e4lisen Fear Free -sertifikaatin, ja siihen liittyv\u00e4t arvot ovatkin Murrella olleet t\u00e4rke\u00e4ss\u00e4 roolissa jo vuosia kaikissa koulutuksissa ja kursseissa. Lis\u00e4ksi toimin arvioijana n\u00e4ytt\u00f6tutkinnoissa el\u00e4intenkouluttajan ammattitutkintoa suorittaville opiskelijoille.<\/p>\n<p><!-- \/wp:paragraph --><\/p>\n<p><!-- wp:paragraph --><\/p>\n<p>Olen koko el\u00e4m\u00e4ni harrastanut koiria ja hevosia, ja t\u00e4ll\u00e4 hetkell\u00e4 kotona asuvat valkoisetpaimenkoirat Suzi, Masi, Pii, Turo, lk hollanninpaimenkoira Niitti sek\u00e4 kissat Pilli ja Pulla. Kotonani on vuosien varrella my\u00f6s syntynyt ja kasvanut muutama valkkaripentue yhteisty\u00f6ss\u00e4 <a href=\"https:\/\/www.boardhill.fi\/\" target=\"_blank\" rel=\"noreferrer noopener\">Boardhill<\/a>&#8211; ja Kowhai-kenneleiden kanssa.<\/p>\n<p><!-- \/wp:paragraph --><\/p>\n<p><!-- wp:paragraph --><\/p>\n<p>Omien koirieni p\u00e4\u00e4laji on rally-toko. Olen harrastanut ja kilpaillut lajissa kymmenisen vuotta, ja korkein saavutuksemme on Piin RTVA- arvo sek\u00e4 2021 piirinmestaruuspronssi. T\u00e4ll\u00e4 hetkell\u00e4 keskityn mielenkiinnolla uuden rodun tutkailuun ja koulutukseen.<\/p>\n<p><!-- \/wp:paragraph --><\/p>\n<p><!-- wp:paragraph --><\/p>\n<p>Aktiivisen koirael\u00e4m\u00e4n ulkopuolella minulle ehk\u00e4 t\u00e4rkein &#8216;harrastus&#8217; on matkailu, ja matkustellessakin el\u00e4imiin liittyv\u00e4t hyvinvointikysymykset. Kirjoittamastani <a href=\"https:\/\/www.turunmurre.fi\/blogi\/koirien-hyvinvoinnin-puolesta-myos-travellerina\/\" target=\"_blank\" rel=\"noreferrer noopener\">Blogista<\/a> voi lukea lis\u00e4\u00e4 miten travellerina voi huomioida esimerkiksi katukoiria.<\/p>\n<p><!-- \/wp:paragraph --><\/p>\n<p><!-- wp:paragraph --><\/p>\n<p>Jo vuosia sitten kiinnostukseni el\u00e4inten k\u00e4ytt\u00e4ytymiseen, oppimiseen ja koulutukseen alkoi lis\u00e4\u00e4nty\u00e4, ja vuonna 2011 hakeuduin opiskelemaan el\u00e4inkoulutusalaa Amieduun. Opiskeluaikoina alkoi kyte\u00e4 ajatus omasta koirakoulusta, ja vuonna 2013 syntyi Turun Murre. Tarve ymm\u00e4rt\u00e4\u00e4 k\u00e4ytt\u00e4ytymist\u00e4 aina vain enemm\u00e4n ja palvella niin asiakkaita kuin omia koiria paremmin, on syyn\u00e4 jatkuvaan itsens\u00e4 kehitt\u00e4miseen. Itse olen erityisen mieltynyt ruotsalaisen etologin Karolina Westlundin verkkokursseihin, viimeisimp\u00e4n\u00e4 h\u00e4nelt\u00e4 suoritettuna Resolving challenging behaviour.<\/p>\n<p><!-- \/wp:paragraph --><\/p>\n<p><!-- wp:paragraph --><\/p>\n<p>Tavoitteeni yrityksen perustamisesta l\u00e4htien on ollut el\u00e4inten hyvinvoinnin lis\u00e4\u00e4minen mm. nykyaikaiseen koulutukseen liittyv\u00e4n tiedon jakamisen avulla. Kaikki Murren kouluttajat my\u00f6s kouluttautuvat lis\u00e4\u00e4 jatkuvasti, ja n\u00e4in meill\u00e4 onkin monipuolinen osaaminen ja ammattitaito niin erilaisessa lajiosaamisessa kuin ongelmak\u00e4ytt\u00e4ytymisess\u00e4, ja kaikessa silt\u00e4 v\u00e4lilt\u00e4! El\u00e4intenkouluttajan ammattitaitovaatimuksiin kuuluu k\u00e4ytt\u00e4ytymistieteisiin, sek\u00e4 oppimispsykologiaan perustuvat\u00a0koulutusmenetelm\u00e4t positiivisen vahvistamisen tekniikoin, ja n\u00e4ill\u00e4 arvoilla Murrella toimitaan.<\/p>\n<p><!-- \/wp:paragraph --><\/p>\n<p><!-- wp:paragraph --><\/p>\n<p>Omissa ryhmiss\u00e4ni treenaavat Murren kisaavat\/tavoitteelliset rally-tokoilijat. Koska koiramaailmaan mahtuu valtavasti niin erilaisia koiria kuin harrastuslajeja, Murrella kouluttaa useita ammattitaitoisia sek\u00e4 samat arvot omaavia kouluttajia. Lis\u00e4ksi pid\u00e4n erityisen t\u00e4rke\u00e4n\u00e4 hyv\u00e4\u00e4 yhteisty\u00f6t\u00e4 muiden kouluttajien, sek\u00e4 alan toimijoiden kanssa. Alueen koirakouluista Vainuvoima on Murren pitk\u00e4aikainen yhteisty\u00f6kumppani, koirahierojista Anu Toukonen (Tmi Murrellesi), Johanna Virtanen (DogCare), Riika Vahala (koirahuoltorv) sek\u00e4 el\u00e4infysioterapeuteista FysioMuuvin Tiina Kuusisto. Murre on my\u00f6s lemmikkitarvikeliikkeen Karvakorvat Lieto sek\u00e4 ulkoilutus &#8211; ja hoitopalvelu PetPalvelun suosittelija.<\/p>\n<p><!-- \/wp:paragraph --><\/p>\n<p><!-- wp:paragraph --><\/p>\n<p>Vuonna 2021 avattiin H\u00e4meenlinnan kupeeseen Hattulaan sek\u00e4 Liedon Nuolemoon toinen Liedossa sijaitseva toimipiste. Uusin laajennus tapahtui kev\u00e4\u00e4ll\u00e4 2023, kun entinen Salon Koirahalli siirtyi Murren hallinnoimaksi ja tuntee nykyisin nimen Salon Murren Koirahalli. Hollolassa jo pitk\u00e4\u00e4n toiminut Turun Murren &#8220;sisaryritys&#8221; Lahen Murre on alkujaan perustamani, mutta sittemmin siirtynyt uudelle yritt\u00e4j\u00e4lle jatkamaan positiivisten koulutusmentelmien ilosanomaa Lahden alueella.<\/p>\n<p><!-- \/wp:paragraph --><\/p>\n<p><!-- wp:paragraph --><\/p>\n<p>Toivotan koko Murren tiimin puolesta uudet asiakkaat l\u00e4mpim\u00e4sti tervetulleiksi Murrelaisten iloiseen joukkoon! Olemassaolevia asiakkaita puolestani haluan kiitt\u00e4\u00e4, sill\u00e4 ilman tyytyv\u00e4ist\u00e4 asiakaskuntaamme emme saisi n\u00e4in suurella volyymilla viety\u00e4 eteenp\u00e4in meid\u00e4n ykk\u00f6sprioriteettia, eli koirien hyvinvoinnin lis\u00e4\u00e4mist\u00e4.<\/p>\n<p><!-- \/wp:image --><\/p>\t\t\t\t\t\t<\/div>\n\t\t\t\t<\/div>\n\t\t\t\t\t<\/div>\n\t\t\t\t<\/div>\n\t\t\t\t<\/div>\n\t\t","protected":false},"excerpt":{"rendered":"<p>Olen Katja Silander, Turun Murren perustaja ja yritt\u00e4j\u00e4, el\u00e4intenkouluttaja (EAT., AT.), sek\u00e4 FM. Kev\u00e4\u00e4ll\u00e4 2021 valmistuin Suomen ensimm\u00e4ist\u00e4 el\u00e4intenkouluttajan erikoisammattitutkintoa opiskelevien ryhm\u00e4st\u00e4. Olen my\u00f6s suorittanut kansainv\u00e4lisen Fear Free -sertifikaatin, ja siihen liittyv\u00e4t arvot ovatkin Murrella olleet t\u00e4rke\u00e4ss\u00e4 roolissa jo vuosia kaikissa koulutuksissa ja kursseissa. Lis\u00e4ksi toimin arvioijana n\u00e4ytt\u00f6tutkinnoissa el\u00e4intenkouluttajan ammattitutkintoa suorittaville opiskelijoille. Olen koko el\u00e4m\u00e4ni [&hellip;]<\/p>\n","protected":false},"author":1,"featured_media":0,"parent":110,"menu_order":0,"comment_status":"closed","ping_status":"closed","template":"","meta":{"footnotes":""},"class_list":["post-281","page","type-page","status-publish","hentry"],"_links":{"self":[{"href":"https:\/\/sarik.vlab.fi\/omamurre\/index.php?rest_route=\/wp\/v2\/pages\/281","targetHints":{"allow":["GET"]}}],"collection":[{"href":"https:\/\/sarik.vlab.fi\/omamurre\/index.php?rest_route=\/wp\/v2\/pages"}],"about":[{"href":"https:\/\/sarik.vlab.fi\/omamurre\/index.php?rest_route=\/wp\/v2\/types\/page"}],"author":[{"embeddable":true,"href":"https:\/\/sarik.vlab.fi\/omamurre\/index.php?rest_route=\/wp\/v2\/users\/1"}],"replies":[{"embeddable":true,"href":"https:\/\/sarik.vlab.fi\/omamurre\/index.php?rest_route=%2Fwp%2Fv2%2Fcomments&post=281"}],"version-history":[{"count":23,"href":"https:\/\/sarik.vlab.fi\/omamurre\/index.php?rest_route=\/wp\/v2\/pages\/281\/revisions"}],"predecessor-version":[{"id":317,"href":"https:\/\/sarik.vlab.fi\/omamurre\/index.php?rest_route=\/wp\/v2\/pages\/281\/revisions\/317"}],"up":[{"embeddable":true,"href":"https:\/\/sarik.vlab.fi\/omamurre\/index.php?rest_route=\/wp\/v2\/pages\/110"}],"wp:attachment":[{"href":"https:\/\/sarik.vlab.fi\/omamurre\/index.php?rest_route=%2Fwp%2Fv2%2Fmedia&parent=281"}],"curies":[{"name":"wp","href":"https:\/\/api.w.org\/{rel}","templated":true}]}}