{"id":110,"date":"2023-12-14T15:55:38","date_gmt":"2023-12-14T15:55:38","guid":{"rendered":"https:\/\/sarik.vlab.fi\/omamurre\/?page_id=110"},"modified":"2023-12-21T08:23:34","modified_gmt":"2023-12-21T08:23:34","slug":"kouluttajat","status":"publish","type":"page","link":"https:\/\/sarik.vlab.fi\/omamurre\/?page_id=110","title":{"rendered":"Kouluttajat"},"content":{"rendered":"\t\t<div data-elementor-type=\"wp-page\" data-elementor-id=\"110\" class=\"elementor elementor-110\">\n\t\t\t\t<div class=\"elementor-element elementor-element-79d9289 e-flex e-con-boxed e-con e-parent\" data-id=\"79d9289\" data-element_type=\"container\" data-settings=\"{&quot;content_width&quot;:&quot;boxed&quot;}\" data-core-v316-plus=\"true\">\n\t\t\t\t\t<div class=\"e-con-inner\">\n\t\t\t\t<div class=\"elementor-element elementor-element-2ed0c8f elementor-widget elementor-widget-heading\" data-id=\"2ed0c8f\" data-element_type=\"widget\" data-widget_type=\"heading.default\">\n\t\t\t\t<div class=\"elementor-widget-container\">\n\t\t\t<style>\/*! elementor - v3.19.0 - 29-01-2024 *\/\n.elementor-heading-title{padding:0;margin:0;line-height:1}.elementor-widget-heading .elementor-heading-title[class*=elementor-size-]>a{color:inherit;font-size:inherit;line-height:inherit}.elementor-widget-heading .elementor-heading-title.elementor-size-small{font-size:15px}.elementor-widget-heading .elementor-heading-title.elementor-size-medium{font-size:19px}.elementor-widget-heading .elementor-heading-title.elementor-size-large{font-size:29px}.elementor-widget-heading .elementor-heading-title.elementor-size-xl{font-size:39px}.elementor-widget-heading .elementor-heading-title.elementor-size-xxl{font-size:59px}<\/style><h2 class=\"elementor-heading-title elementor-size-default\">Murrella kouluttavat<\/h2>\t\t<\/div>\n\t\t\t\t<\/div>\n\t\t\t\t\t<\/div>\n\t\t\t\t<\/div>\n\t\t<div class=\"elementor-element elementor-element-34d4ae6b e-flex e-con-boxed e-con e-parent\" data-id=\"34d4ae6b\" data-element_type=\"container\" data-settings=\"{&quot;content_width&quot;:&quot;boxed&quot;}\" data-core-v316-plus=\"true\">\n\t\t\t\t\t<div class=\"e-con-inner\">\n\t\t\t\t<div class=\"elementor-element elementor-element-5ea5c328 elementor-widget elementor-widget-text-editor\" data-id=\"5ea5c328\" data-element_type=\"widget\" data-widget_type=\"text-editor.default\">\n\t\t\t\t<div class=\"elementor-widget-container\">\n\t\t\t<style>\/*! elementor - v3.19.0 - 29-01-2024 *\/\n.elementor-widget-text-editor.elementor-drop-cap-view-stacked .elementor-drop-cap{background-color:#69727d;color:#fff}.elementor-widget-text-editor.elementor-drop-cap-view-framed .elementor-drop-cap{color:#69727d;border:3px solid;background-color:transparent}.elementor-widget-text-editor:not(.elementor-drop-cap-view-default) .elementor-drop-cap{margin-top:8px}.elementor-widget-text-editor:not(.elementor-drop-cap-view-default) .elementor-drop-cap-letter{width:1em;height:1em}.elementor-widget-text-editor .elementor-drop-cap{float:left;text-align:center;line-height:1;font-size:50px}.elementor-widget-text-editor .elementor-drop-cap-letter{display:inline-block}<\/style>\t\t\t\t<p><!-- wp:paragraph --><\/p>\n<p>Murren kouluttajat ovat el\u00e4inalan ammattilaisia, jotka kouluttautuvat jatkuvasti lis\u00e4\u00e4 syvent\u00e4\u00e4kseen taitojaan ja oppiakseen lis\u00e4\u00e4 el\u00e4inten k\u00e4ytt\u00e4ytymisest\u00e4, oppimisesta ja kouluttamisesta. Murrelainen etiikka tarkoittaa moderneja, tieteeseen pohjautuvia koulutusmenetelmi\u00e4, sek\u00e4 aina koiran hyvinvointia lis\u00e4\u00e4vi\u00e4 tapoja toimia. Enemmist\u00f6 Murren kouluttajista on jo el\u00e4intenkouluttajan ammattitutkinnon suorittaneita kouluttajia, ja osa opiskelee tutkintoa parhaillaan. Murre on my\u00f6s Suomen El\u00e4intenkouluttajien j\u00e4sen. Jos haluat tutustua tarkemmin Murren tiimiin, klikkaamalla kuvaa l\u00f6yd\u00e4t yksityiskohtaisemman kuvauksen kustakin kouluttajasta!<\/p>\t\t\t\t\t\t<\/div>\n\t\t\t\t<\/div>\n\t\t\t\t\t<\/div>\n\t\t\t\t<\/div>\n\t\t<div class=\"elementor-element elementor-element-92f9095 e-flex e-con-boxed e-con e-parent\" data-id=\"92f9095\" data-element_type=\"container\" data-settings=\"{&quot;content_width&quot;:&quot;boxed&quot;}\" data-core-v316-plus=\"true\">\n\t\t\t\t\t<div class=\"e-con-inner\">\n\t\t\t\t<div class=\"elementor-element elementor-element-c1db970 elementor-widget elementor-widget-shortcode\" data-id=\"c1db970\" data-element_type=\"widget\" data-widget_type=\"shortcode.default\">\n\t\t\t\t<div class=\"elementor-widget-container\">\n\t\t\t\t\t<div class=\"elementor-shortcode\"><div id=\"ccchildpages-1\" class=\"ccchildpages threecol simple ccclearfix\"><div class=\"ccchildpage  ccfirst ccodd ccpage-count-1 ccpage-id-281 ccpage-katja-silander ccpage-has-parent ccpage-pid-110 ccpage-parent-kouluttajat\"><h3>Katja Silander<\/h3><div class=\"ccpages_excerpt\">Olen Katja Silander, Turun Murren perustaja ja yritt\u00e4j\u00e4, el\u00e4intenkouluttaja (EAT.,...<\/div><p class=\"ccpages_more\"><a href=\"https:\/\/sarik.vlab.fi\/omamurre\/?page_id=281\"  title=\"Read more ...\">Read more ...<\/a><\/p><\/div><div class=\"ccchildpage  cceven ccpage-count-2 ccpage-id-318 ccpage-anniina-ahonen ccpage-has-parent ccpage-pid-110 ccpage-parent-kouluttajat\"><h3>Anniina Ahonen<\/h3><div class=\"ccpages_excerpt\">Olen Anniina Ahonen, el\u00e4intenkouluttajan ammattitutkinnon suorittanut koulutusohjaaja. Olen my\u00f6s Dobo-ohjaaja,...<\/div><p class=\"ccpages_more\"><a href=\"https:\/\/sarik.vlab.fi\/omamurre\/?page_id=318\"  title=\"Read more ...\">Read more ...<\/a><\/p><\/div><div class=\"ccchildpage  cclast ccodd ccpage-count-3 ccpage-id-321 ccpage-krista-akkanen ccpage-has-parent ccpage-pid-110 ccpage-parent-kouluttajat\"><h3>Krista Akkanen<\/h3><div class=\"ccpages_excerpt\">Olen Krista Akkanen, el\u00e4intenkouluttajan ammattitutkinnon suorittanut koulutusohjaaja. Korona-aikaan on ollut...<\/div><p class=\"ccpages_more\"><a href=\"https:\/\/sarik.vlab.fi\/omamurre\/?page_id=321\"  title=\"Read more ...\">Read more ...<\/a><\/p><\/div><\/div><\/div>\n\t\t\t\t<\/div>\n\t\t\t\t<\/div>\n\t\t\t\t\t<\/div>\n\t\t\t\t<\/div>\n\t\t\t\t<\/div>\n\t\t","protected":false},"excerpt":{"rendered":"<p>Murrella kouluttavat Murren kouluttajat ovat el\u00e4inalan ammattilaisia, jotka kouluttautuvat jatkuvasti lis\u00e4\u00e4 syvent\u00e4\u00e4kseen taitojaan ja oppiakseen lis\u00e4\u00e4 el\u00e4inten k\u00e4ytt\u00e4ytymisest\u00e4, oppimisesta ja kouluttamisesta. Murrelainen etiikka tarkoittaa moderneja, tieteeseen pohjautuvia koulutusmenetelmi\u00e4, sek\u00e4 aina koiran hyvinvointia lis\u00e4\u00e4vi\u00e4 tapoja toimia. Enemmist\u00f6 Murren kouluttajista on jo el\u00e4intenkouluttajan ammattitutkinnon suorittaneita kouluttajia, ja osa opiskelee tutkintoa parhaillaan. Murre on my\u00f6s Suomen El\u00e4intenkouluttajien j\u00e4sen. [&hellip;]<\/p>\n","protected":false},"author":1,"featured_media":0,"parent":0,"menu_order":0,"comment_status":"closed","ping_status":"closed","template":"","meta":{"footnotes":""},"class_list":["post-110","page","type-page","status-publish","hentry"],"_links":{"self":[{"href":"https:\/\/sarik.vlab.fi\/omamurre\/index.php?rest_route=\/wp\/v2\/pages\/110","targetHints":{"allow":["GET"]}}],"collection":[{"href":"https:\/\/sarik.vlab.fi\/omamurre\/index.php?rest_route=\/wp\/v2\/pages"}],"about":[{"href":"https:\/\/sarik.vlab.fi\/omamurre\/index.php?rest_route=\/wp\/v2\/types\/page"}],"author":[{"embeddable":true,"href":"https:\/\/sarik.vlab.fi\/omamurre\/index.php?rest_route=\/wp\/v2\/users\/1"}],"replies":[{"embeddable":true,"href":"https:\/\/sarik.vlab.fi\/omamurre\/index.php?rest_route=%2Fwp%2Fv2%2Fcomments&post=110"}],"version-history":[{"count":25,"href":"https:\/\/sarik.vlab.fi\/omamurre\/index.php?rest_route=\/wp\/v2\/pages\/110\/revisions"}],"predecessor-version":[{"id":359,"href":"https:\/\/sarik.vlab.fi\/omamurre\/index.php?rest_route=\/wp\/v2\/pages\/110\/revisions\/359"}],"wp:attachment":[{"href":"https:\/\/sarik.vlab.fi\/omamurre\/index.php?rest_route=%2Fwp%2Fv2%2Fmedia&parent=110"}],"curies":[{"name":"wp","href":"https:\/\/api.w.org\/{rel}","templated":true}]}}